{"id":53,"date":"2023-02-03T18:32:09","date_gmt":"2023-02-03T18:32:09","guid":{"rendered":"https:\/\/demoxml.com\/wp\/vosio\/?page_id=53"},"modified":"2024-12-08T06:28:09","modified_gmt":"2024-12-08T06:28:09","slug":"get-in-touch","status":"publish","type":"page","link":"https:\/\/www.cukfikir.com\/index.php\/get-in-touch\/","title":{"rendered":"\u0130leti\u015fim"},"content":{"rendered":"\t\t<div data-elementor-type=\"wp-page\" data-elementor-id=\"53\" class=\"elementor elementor-53\">\n\t\t\t\t\t\t<section class=\"elementor-section elementor-top-section elementor-element elementor-element-5100e34 elementor-section-full_width elementor-section-height-default elementor-section-height-default\" data-id=\"5100e34\" data-element_type=\"section\">\n\t\t\t\t\t\t<div class=\"elementor-container elementor-column-gap-default\">\n\t\t\t\t\t<div class=\"elementor-column elementor-col-100 elementor-top-column elementor-element elementor-element-39a5e45\" data-id=\"39a5e45\" data-element_type=\"column\">\n\t\t\t<div class=\"elementor-widget-wrap elementor-element-populated\">\n\t\t\t\t\t\t<div class=\"elementor-element elementor-element-e652144 elementor-widget elementor-widget-vosio_contact_us\" data-id=\"e652144\" data-element_type=\"widget\" data-widget_type=\"vosio_contact_us.default\">\n\t\t\t\t<div class=\"elementor-widget-container\">\n\t\t\t\t\r\n    <!--Contact Section-->\r\n    <section class=\"contact-section\">\r\n        <div class=\"auto-container\">\r\n                        <div class=\"def-title-box\">\r\n                <div class=\"patt\"><span><\/span><\/div>\r\n                <div class=\"subtitle\">bize ula\u015f\u0131n<\/div>                <h3>\u0130leti\u015fim Bilgileri<\/h3>            <\/div>\r\n                                    <div class=\"info-box\">\r\n                <div class=\"row clearfix\">\r\n                                        <!--Block-->\r\n                    <div class=\"info-block col-xl-4 col-lg-4 col-md-6 col-sm-12\">\r\n                        <div class=\"inner-box\">\r\n                            <div class=\"inner\">\r\n                                <div class=\"icon-box\"><svg class=\"e-font-icon-svg e-fas-phone-alt\" viewBox=\"0 0 512 512\" xmlns=\"http:\/\/www.w3.org\/2000\/svg\"><path d=\"M497.39 361.8l-112-48a24 24 0 0 0-28 6.9l-49.6 60.6A370.66 370.66 0 0 1 130.6 204.11l60.6-49.6a23.94 23.94 0 0 0 6.9-28l-48-112A24.16 24.16 0 0 0 122.6.61l-104 24A24 24 0 0 0 0 48c0 256.5 207.9 464 464 464a24 24 0 0 0 23.4-18.6l24-104a24.29 24.29 0 0 0-14.01-27.6z\"><\/path><\/svg><\/div>\r\n                                <h5>Organizasyonlar i\u00e7in<\/h5>\r\n                                                                <div class=\"info\"><a href=\"tel:(+90) 533 333 33 33\">(+90) 533 333 33 33<\/a><\/div>\r\n                                                            <\/div>\r\n                        <\/div>\r\n                    <\/div>\r\n                                        <!--Block-->\r\n                    <div class=\"info-block col-xl-4 col-lg-4 col-md-6 col-sm-12\">\r\n                        <div class=\"inner-box\">\r\n                            <div class=\"inner\">\r\n                                <div class=\"icon-box\"><svg class=\"e-font-icon-svg e-far-clock\" viewBox=\"0 0 512 512\" xmlns=\"http:\/\/www.w3.org\/2000\/svg\"><path d=\"M256 8C119 8 8 119 8 256s111 248 248 248 248-111 248-248S393 8 256 8zm0 448c-110.5 0-200-89.5-200-200S145.5 56 256 56s200 89.5 200 200-89.5 200-200 200zm61.8-104.4l-84.9-61.7c-3.1-2.3-4.9-5.9-4.9-9.7V116c0-6.6 5.4-12 12-12h32c6.6 0 12 5.4 12 12v141.7l66.8 48.6c5.4 3.9 6.5 11.4 2.6 16.8L334.6 349c-3.9 5.3-11.4 6.5-16.8 2.6z\"><\/path><\/svg><\/div>\r\n                                <h5>Email Adresi<\/h5>\r\n                                                                <div class=\"info\">info@cukfikir.com<\/a><\/div>\r\n                                                            <\/div>\r\n                        <\/div>\r\n                    <\/div>\r\n                                    <\/div>\r\n            <\/div>\r\n            \t\t\t            <div class=\"contact-box\">\r\n                <div class=\"row clearfix\">\r\n                    <div class=\"form-col col-xl-8 col-lg-12 col-md-12 col-sm-12\">\r\n                        <h5>Mesaj G\u00f6nderebilirsiniz<\/h5>                                                <div class=\"contact-form\">\r\n                            \n<div class=\"wpcf7 no-js\" id=\"wpcf7-f76-o1\" lang=\"en-US\" dir=\"ltr\" data-wpcf7-id=\"76\">\n<div class=\"screen-reader-response\"><p role=\"status\" aria-live=\"polite\" aria-atomic=\"true\"><\/p> <ul><\/ul><\/div>\n<form action=\"\/index.php\/wp-json\/wp\/v2\/pages\/53#wpcf7-f76-o1\" method=\"post\" class=\"wpcf7-form init\" aria-label=\"Contact form\" novalidate=\"novalidate\" data-status=\"init\">\n<div style=\"display: none;\">\n<input type=\"hidden\" name=\"_wpcf7\" value=\"76\" \/>\n<input type=\"hidden\" name=\"_wpcf7_version\" value=\"6.0.1\" \/>\n<input type=\"hidden\" name=\"_wpcf7_locale\" value=\"en_US\" \/>\n<input type=\"hidden\" name=\"_wpcf7_unit_tag\" value=\"wpcf7-f76-o1\" \/>\n<input type=\"hidden\" name=\"_wpcf7_container_post\" value=\"0\" \/>\n<input type=\"hidden\" name=\"_wpcf7_posted_data_hash\" value=\"\" \/>\n<\/div>\n<div class=\"row clearfix\">\n\t<div class=\"inner-col col-lg-6 col-md-6 col-sm-12\">\n\t\t<div class=\"form-group\">\n\t\t\t<div class=\"field-label\">\n\t\t\t\t<p><span class=\"icon fa fa-user\"><\/span> \u0130sim\n\t\t\t\t<\/p>\n\t\t\t<\/div>\n\t\t\t<div class=\"field-inner\">\n\t\t\t\t<p><span class=\"wpcf7-form-control-wrap\" data-name=\"text-724\"><input size=\"40\" maxlength=\"400\" class=\"wpcf7-form-control wpcf7-text wpcf7-validates-as-required\" aria-required=\"true\" aria-invalid=\"false\" value=\"\" type=\"text\" name=\"text-724\" \/><\/span><i class=\"dot\"><\/i>\n\t\t\t\t<\/p>\n\t\t\t<\/div>\n\t\t<\/div>\n\t\t<div class=\"form-group\">\n\t\t\t<div class=\"field-label\">\n\t\t\t\t<p><span class=\"icon far fa-envelope\"><\/span> E-mail\n\t\t\t\t<\/p>\n\t\t\t<\/div>\n\t\t\t<div class=\"field-inner\">\n\t\t\t\t<p><span class=\"wpcf7-form-control-wrap\" data-name=\"email-793\"><input size=\"40\" maxlength=\"400\" class=\"wpcf7-form-control wpcf7-email wpcf7-validates-as-required wpcf7-text wpcf7-validates-as-email\" aria-required=\"true\" aria-invalid=\"false\" value=\"\" type=\"email\" name=\"email-793\" \/><\/span><i class=\"dot\"><\/i>\n\t\t\t\t<\/p>\n\t\t\t<\/div>\n\t\t<\/div>\n\t\t<div class=\"form-group\">\n\t\t\t<div class=\"field-label\">\n\t\t\t\t<p><span class=\"icon far fa-link\"><\/span> Website\n\t\t\t\t<\/p>\n\t\t\t<\/div>\n\t\t\t<div class=\"field-inner\">\n\t\t\t\t<p><span class=\"wpcf7-form-control-wrap\" data-name=\"text-725\"><input size=\"40\" maxlength=\"400\" class=\"wpcf7-form-control wpcf7-text wpcf7-validates-as-required\" aria-required=\"true\" aria-invalid=\"false\" value=\"\" type=\"text\" name=\"text-725\" \/><\/span><i class=\"dot\"><\/i>\n\t\t\t\t<\/p>\n\t\t\t<\/div>\n\t\t<\/div>\n\t<\/div>\n\t<div class=\"inner-col col-lg-6 col-md-6 col-sm-12\">\n\t\t<div class=\"form-group\">\n\t\t\t<div class=\"field-label\">\n\t\t\t\t<p>Mesaj\n\t\t\t\t<\/p>\n\t\t\t<\/div>\n\t\t\t<div class=\"field-inner\">\n\t\t\t\t<p><span class=\"wpcf7-form-control-wrap\" data-name=\"textarea-967\"><textarea cols=\"40\" rows=\"10\" maxlength=\"2000\" class=\"wpcf7-form-control wpcf7-textarea wpcf7-validates-as-required\" aria-required=\"true\" aria-invalid=\"false\" name=\"textarea-967\"><\/textarea><\/span><i class=\"dot\"><\/i>\n\t\t\t\t<\/p>\n\t\t\t<\/div>\n\t\t<\/div>\n\t\t<div class=\"form-group\">\n\t\t\t<p><button type=\"submit\" class=\"theme-btn btn-style-two\"><span>Mesaj\u0131 G\u00f6nder<\/span><\/button>\n\t\t\t<\/p>\n\t\t<\/div>\n\t<\/div>\n<\/div><div class=\"wpcf7-response-output\" aria-hidden=\"true\"><\/div>\n<\/form>\n<\/div>\n                        <\/div>\r\n                                            <\/div>\r\n\t\t\t\t\t                <\/div>\r\n            <\/div>\r\n                    <\/div>\r\n    <\/section>\r\n                     \r\n        \t\t<\/div>\n\t\t\t\t<\/div>\n\t\t\t\t\t<\/div>\n\t\t<\/div>\n\t\t\t\t\t<\/div>\n\t\t<\/section>\n\t\t\t\t<\/div>\n\t\t","protected":false},"excerpt":{"rendered":"<p>bize ula\u015f\u0131n \u0130leti\u015fim Bilgileri Organizasyonlar i\u00e7in (+90) 533 333 33 33 Email Adresi info@cukfikir.com Mesaj G\u00f6nderebilirsiniz \u0130sim E-mail Website Mesaj Mesaj\u0131 G\u00f6nder<\/p>\n","protected":false},"author":1,"featured_media":0,"parent":0,"menu_order":0,"comment_status":"closed","ping_status":"closed","template":"tpl-default-elementor.php","meta":{"footnotes":""},"class_list":["post-53","page","type-page","status-publish","hentry"],"_links":{"self":[{"href":"https:\/\/www.cukfikir.com\/index.php\/wp-json\/wp\/v2\/pages\/53","targetHints":{"allow":["GET"]}}],"collection":[{"href":"https:\/\/www.cukfikir.com\/index.php\/wp-json\/wp\/v2\/pages"}],"about":[{"href":"https:\/\/www.cukfikir.com\/index.php\/wp-json\/wp\/v2\/types\/page"}],"author":[{"embeddable":true,"href":"https:\/\/www.cukfikir.com\/index.php\/wp-json\/wp\/v2\/users\/1"}],"replies":[{"embeddable":true,"href":"https:\/\/www.cukfikir.com\/index.php\/wp-json\/wp\/v2\/comments?post=53"}],"version-history":[{"count":7,"href":"https:\/\/www.cukfikir.com\/index.php\/wp-json\/wp\/v2\/pages\/53\/revisions"}],"predecessor-version":[{"id":894,"href":"https:\/\/www.cukfikir.com\/index.php\/wp-json\/wp\/v2\/pages\/53\/revisions\/894"}],"wp:attachment":[{"href":"https:\/\/www.cukfikir.com\/index.php\/wp-json\/wp\/v2\/media?parent=53"}],"curies":[{"name":"wp","href":"https:\/\/api.w.org\/{rel}","templated":true}]}}